{"id":774,"date":"2024-02-16T15:39:15","date_gmt":"2024-02-16T14:39:15","guid":{"rendered":"https:\/\/web.ilogs.systems\/?page_id=774"},"modified":"2026-01-14T16:31:12","modified_gmt":"2026-01-14T15:31:12","slug":"unternehmen","status":"publish","type":"page","link":"https:\/\/ilogs.systems\/en\/unternehmen\/","title":{"rendered":"Company"},"content":{"rendered":"<div class=\"wpb-content-wrapper\"><div class=\"vc_row wpb_row row top-row wpb_custom_034b39d9bc6c6b310d69e39f0ccf274f\"><div class=\"vc_column_container col-md-12\"><div class=\"wpb_wrapper vc_column-inner\"><div class=\"porto-u-heading  wpb_custom_95aa9a11c17ad45cfabaf210d84ee7cc porto-u-ad87e2eaf3f9c495180fe0156ddf3eb0\"><div class=\"porto-u-main-heading\"><h2   style=\"color:#085387;\">We are ILOGS<\/h2><\/div><style>.porto-u-ad87e2eaf3f9c495180fe0156ddf3eb0.porto-u-heading{text-align:left}<\/style><\/div><p style=\"font-size: 1.2em;font-weight:300\" data-appear-animation=\"fadeInUp\" data-appear-animation-delay=\"1100\" class=\"vc_custom_heading vc_do_custom_heading wpb_custom_aa365bd5046e8294520b4e73732b9d15 align-left\" >ILOGS was founded in 2000 with a clear vision: We want to inspire our customers with high-performance and consistent digital process solutions. And even today it is even more important - no matter what the future brings, it will be digital. Our goal is to support our clients in precisely this transformation.\n<p>As experts in the development of sophisticated digital solutions and IT services, we ensure that our customers digitalization projects achieve sustainable competitive advantages. We value speed and efficiency with full transparency and the highest quality standards.<\/p>\n<p>Our aim is the sustainable success of these solutions and therefore of our customers.<\/p><\/p><\/div><\/div><\/div><div class=\"vc_row wpb_row row top-row wpb_custom_034b39d9bc6c6b310d69e39f0ccf274f\"><div class=\"vc_column_container col-md-12\"><div class=\"wpb_wrapper vc_column-inner\"><div class=\"porto-history wpb_content_element\"><div class=\"thumb\"><img decoding=\"async\" data-src=\"https:\/\/ilogs.systems\/wp-content\/uploads\/2016\/07\/construction-blog-thumb-3-145x145.jpg\" width=\"145\" height=\"145\" alt=\"Schwarzer Laptop\" title=\"Schwarzer Laptop\" src=\"data:image\/svg+xml;base64,PHN2ZyB3aWR0aD0iMSIgaGVpZ2h0PSIxIiB4bWxucz0iaHR0cDovL3d3dy53My5vcmcvMjAwMC9zdmciPjwvc3ZnPg==\" class=\"lazyload\" style=\"--smush-placeholder-width: 145px; --smush-placeholder-aspect-ratio: 145\/145;\" \/><\/div><div class=\"featured-box\"><div class=\"box-content\"><h4 class=\"heading-primary\"><strong>2024<\/strong><\/h4><p>Launch of our new product MONA<\/p>\n<p>In today's fast-paced world, efficient time and task management is the key to success. <span class=\"s1\">mona <\/span>offers you an intuitive platform that allows you to effortlessly organize, track and optimize your projects and daily tasks:\u00a0<a href=\"https:\/\/mona.ilogs.systems\">https:\/\/mona.ilogs.systems<\/a><\/p>\n<\/div><\/div><\/div><div class=\"porto-history wpb_content_element\"><div class=\"thumb\"><img decoding=\"async\" data-src=\"https:\/\/ilogs.systems\/wp-content\/uploads\/2025\/01\/architecture-7947724_1280-145x145.jpg\" width=\"145\" height=\"145\" alt=\"Hochhaus mit Schatten\" title=\"Hochhaus mit Schatten\" src=\"data:image\/svg+xml;base64,PHN2ZyB3aWR0aD0iMSIgaGVpZ2h0PSIxIiB4bWxucz0iaHR0cDovL3d3dy53My5vcmcvMjAwMC9zdmciPjwvc3ZnPg==\" class=\"lazyload\" style=\"--smush-placeholder-width: 145px; --smush-placeholder-aspect-ratio: 145\/145;\" \/><\/div><div class=\"featured-box\"><div class=\"box-content\"><h4 class=\"heading-primary\"><strong>2022<\/strong><\/h4><p>Sale of the Mobile Healthcare (MOCCA) business unit to the myneva Group<\/p>\n<div class=\"col-xl-10 col-lg-10 px-5\">With its MOCCA ONE product, ILOGS is the market leader in the area of \u200b\u200bnursing software for mobile care. By selling the solution to the myneva Group, myneva is now the market leader in Austria not only in the area of \u200b\u200binpatient care, but also in the area of \u200b\u200bmobile care. Myneva is relying on MOCCA ILOGS for its strategic development on the European market. ILOGS is concentrating on further developing the JAMES Telecare solutions and selling them internationally.<\/div>\n<\/div><\/div><\/div><div class=\"porto-history wpb_content_element\"><div class=\"thumb\"><img decoding=\"async\" data-src=\"https:\/\/ilogs.systems\/wp-content\/uploads\/2025\/01\/architecture-2083687_1280-145x145.jpg\" width=\"145\" height=\"145\" alt=\"Verglastes Hochhaus mit Schatten\" title=\"Verglastes Hochhaus mit Schatten\" src=\"data:image\/svg+xml;base64,PHN2ZyB3aWR0aD0iMSIgaGVpZ2h0PSIxIiB4bWxucz0iaHR0cDovL3d3dy53My5vcmcvMjAwMC9zdmciPjwvc3ZnPg==\" class=\"lazyload\" style=\"--smush-placeholder-width: 145px; --smush-placeholder-aspect-ratio: 145\/145;\" \/><\/div><div class=\"featured-box\"><div class=\"box-content\"><h4 class=\"heading-primary\"><strong>2022<\/strong><\/h4><p>Spin-off of the Parking and Mobility business unit<\/p>\n<div class=\"col-xl-10 col-lg-10 px-5\">The Parking and Mobility division is leaving the ILOGS Group. As part of the Designa Axess Group, the division will now concentrate solely on the digitization and marketing of the Parking-HQ solutions. As part of the Designa Axess Group, the division will now concentrate solely on the digitization and marketing of the Parking-HQ solutions.<\/div>\n<\/div><\/div><\/div><div class=\"porto-history wpb_content_element\"><div class=\"thumb\"><img decoding=\"async\" data-src=\"https:\/\/ilogs.systems\/wp-content\/uploads\/2021\/05\/construction-slide-2-1-145x145.jpg\" width=\"145\" height=\"145\" alt=\"Hochhaus\" title=\"Hochhaus\" src=\"data:image\/svg+xml;base64,PHN2ZyB3aWR0aD0iMSIgaGVpZ2h0PSIxIiB4bWxucz0iaHR0cDovL3d3dy53My5vcmcvMjAwMC9zdmciPjwvc3ZnPg==\" class=\"lazyload\" style=\"--smush-placeholder-width: 145px; --smush-placeholder-aspect-ratio: 145\/145;\" \/><\/div><div class=\"featured-box\"><div class=\"box-content\"><h4 class=\"heading-primary\"><strong>2020<\/strong><\/h4><p>Adjusting the working model during the pandemic<\/p>\n<div class=\"col-xl-10 col-lg-10 px-5\">In response to the challenges posed by the global pandemic, we have extensively adapted our working model to ensure the health and well-being of our employees, while maintaining the continuity and excellence of our services. We have introduced a hybrid working model that combines the flexibility of working from home with the benefits of face-to-face collaboration in our offices.<\/div>\n<\/div><\/div><\/div><div class=\"porto-history wpb_content_element\"><div class=\"thumb\"><img decoding=\"async\" data-src=\"https:\/\/ilogs.systems\/wp-content\/uploads\/2016\/07\/construction-generic-2-medium-145x145.jpg\" width=\"145\" height=\"145\" alt=\"Hochhaus und auf der Seite kleinere Geb\u00e4ude\" title=\"Hochhaus und auf der Seite kleinere Geb\u00e4ude\" src=\"data:image\/svg+xml;base64,PHN2ZyB3aWR0aD0iMSIgaGVpZ2h0PSIxIiB4bWxucz0iaHR0cDovL3d3dy53My5vcmcvMjAwMC9zdmciPjwvc3ZnPg==\" class=\"lazyload\" style=\"--smush-placeholder-width: 145px; --smush-placeholder-aspect-ratio: 145\/145;\" \/><\/div><div class=\"featured-box\"><div class=\"box-content\"><h4 class=\"heading-primary\"><strong>2015<\/strong><\/h4><p>Move into new office space<\/p>\n<div class=\"col-xl-10 col-lg-10 px-5\">In the new premises we not only find more space for creativity and productivity, but also an environment that reflects our values and vision as a company. Equipped with state-of-the-art technology, our new offices are designed to encourage collaboration, facilitate the exchange of ideas and provide an inspiring workspace for our team.<\/div>\n<\/div><\/div><\/div><div class=\"porto-history wpb_content_element\"><div class=\"thumb\"><img decoding=\"async\" data-src=\"https:\/\/ilogs.systems\/wp-content\/uploads\/2025\/01\/j-building-7420161_1280-145x145.jpg\" width=\"145\" height=\"145\" alt=\"Fassade eines Geb\u00e4udes\" title=\"Fassade eines Geb\u00e4udes\" src=\"data:image\/svg+xml;base64,PHN2ZyB3aWR0aD0iMSIgaGVpZ2h0PSIxIiB4bWxucz0iaHR0cDovL3d3dy53My5vcmcvMjAwMC9zdmciPjwvc3ZnPg==\" class=\"lazyload\" style=\"--smush-placeholder-width: 145px; --smush-placeholder-aspect-ratio: 145\/145;\" \/><\/div><div class=\"featured-box\"><div class=\"box-content\"><h4 class=\"heading-primary\"><strong>2010<\/strong><\/h4><p>Participation of Management Trust Holding AG in ILOGS, Information Logistics GmbH<\/p>\n<div class=\"col-xl-10 col-lg-10 px-5\">Management Trust Holding AG (MTH) has acquired a stake in ILOGS Information Logistics GmbH. By investing in ILOGS, MTH has gained a strong IT partner for future initiatives. The main focus is on consulting and project management in the MTH retail sector and on the strategic development of new joint solutions with the MTH subsidiary Design Verkehrsleitechnik in the parking and mobility sector. With ILOGS Information Intelligence, the ILOGS Group continued the strategic expansion of its software expertise in the DACH region.<\/div>\n<\/div><\/div><\/div><div class=\"porto-history wpb_content_element\"><div class=\"thumb\"><img decoding=\"async\" data-src=\"https:\/\/ilogs.systems\/wp-content\/uploads\/2021\/05\/construction-generic-1-medium-145x145.jpg\" width=\"145\" height=\"145\" alt=\"Verglastes Hochhaus\" title=\"Verglastes Hochhaus\" src=\"data:image\/svg+xml;base64,PHN2ZyB3aWR0aD0iMSIgaGVpZ2h0PSIxIiB4bWxucz0iaHR0cDovL3d3dy53My5vcmcvMjAwMC9zdmciPjwvc3ZnPg==\" class=\"lazyload\" style=\"--smush-placeholder-width: 145px; --smush-placeholder-aspect-ratio: 145\/145;\" \/><\/div><div class=\"featured-box\"><div class=\"box-content\"><h4 class=\"heading-primary\"><strong>2009<\/strong><\/h4><p>Expansion of the portfolio through second and third level support<\/p>\n<div class=\"col-xl-10 col-lg-10 px-5\">In the dynamic world of information technology, it is essential for companies to not only offer advanced solutions but also ensure comprehensive support. Expanding our portfolio to include second and third level support is a crucial step in this direction. It allows us to offer our customers even deeper and more specialized support.<\/div>\n<\/div><\/div><\/div><div class=\"porto-history wpb_content_element\"><div class=\"thumb\"><img decoding=\"async\" data-src=\"https:\/\/ilogs.systems\/wp-content\/uploads\/2024\/03\/generic-6-145x145.jpg\" width=\"145\" height=\"145\" alt=\"Raum mit Fenstern\" title=\"Raum mit Fenstern\" src=\"data:image\/svg+xml;base64,PHN2ZyB3aWR0aD0iMSIgaGVpZ2h0PSIxIiB4bWxucz0iaHR0cDovL3d3dy53My5vcmcvMjAwMC9zdmciPjwvc3ZnPg==\" class=\"lazyload\" style=\"--smush-placeholder-width: 145px; --smush-placeholder-aspect-ratio: 145\/145;\" \/><\/div><div class=\"featured-box\"><div class=\"box-content\"><h4 class=\"heading-primary\"><strong>2005<\/strong><\/h4><p>Start of the Mobile Healthcare division<\/p>\n<div class=\"col-xl-10 col-lg-10 px-5\">The combination of telematics and healthcare led to the launch of the new \u201cMobile Healthcare\u201d business area in 2005. ILOGS is now the market leader in Austria and Luxembourg: <a href=\"http:\/\/www.ilogs.care\">https:\/\/www.ilogs.care<\/a><\/div>\n<\/div><\/div><\/div><\/div><\/div><\/div><div class=\"vc_row wpb_row row top-row wpb_custom_034b39d9bc6c6b310d69e39f0ccf274f\"><div class=\"vc_column_container col-md-12\"><div class=\"wpb_wrapper vc_column-inner\"><div class=\"porto-history wpb_content_element\"><div class=\"thumb\"><img decoding=\"async\" data-src=\"https:\/\/ilogs.systems\/wp-content\/uploads\/2016\/07\/construction-blog-thumb-1-145x145.jpg\" width=\"145\" height=\"145\" alt=\"Mehrere Hochh\u00e4user\" title=\"Mehrere Hochh\u00e4user\" src=\"data:image\/svg+xml;base64,PHN2ZyB3aWR0aD0iMSIgaGVpZ2h0PSIxIiB4bWxucz0iaHR0cDovL3d3dy53My5vcmcvMjAwMC9zdmciPjwvc3ZnPg==\" class=\"lazyload\" style=\"--smush-placeholder-width: 145px; --smush-placeholder-aspect-ratio: 145\/145;\" \/><\/div><div class=\"featured-box\"><div class=\"box-content\"><h4 class=\"heading-primary\"><strong>2000<\/strong><\/h4><p>Founding of the Ilogs<\/p>\n<p>The four-person founding team concentrates many years of know-how in the areas of business process management and workflow automation and starts the first projects in Switzerland and Austria. Workflow and eProcess automation with individual project development was and still is the core competence of ILOGS.<\/p>\n<\/div><\/div><\/div><\/div><\/div><\/div>\n<\/div>","protected":false},"excerpt":{"rendered":"Wir sind ILOGSILOGS wurde mit einer klaren Vision 2000 gegr\u00fcndet: Wir wollen unsere Kund:innen f\u00fcr performante und durchg\u00e4ngige digitale Prozessl\u00f6sungen begeistern. Und auch heute ist umso wichtiger - egal was die Zukunft bringt, sie wird digital sein. Unsere Auftraggeber:innen genau bei dieser Transformation zu unterst\u00fctzen, ist unser Ziel. Als Experten f\u00fcr die Entwicklung anspruchsvoller digitaler [...]","protected":false},"author":1,"featured_media":0,"parent":0,"menu_order":0,"comment_status":"closed","ping_status":"closed","template":"","meta":{"footnotes":""},"class_list":["post-774","page","type-page","status-publish","hentry"],"aioseo_notices":[],"_links":{"self":[{"href":"https:\/\/ilogs.systems\/en\/wp-json\/wp\/v2\/pages\/774","targetHints":{"allow":["GET"]}}],"collection":[{"href":"https:\/\/ilogs.systems\/en\/wp-json\/wp\/v2\/pages"}],"about":[{"href":"https:\/\/ilogs.systems\/en\/wp-json\/wp\/v2\/types\/page"}],"author":[{"embeddable":true,"href":"https:\/\/ilogs.systems\/en\/wp-json\/wp\/v2\/users\/1"}],"replies":[{"embeddable":true,"href":"https:\/\/ilogs.systems\/en\/wp-json\/wp\/v2\/comments?post=774"}],"version-history":[{"count":7,"href":"https:\/\/ilogs.systems\/en\/wp-json\/wp\/v2\/pages\/774\/revisions"}],"predecessor-version":[{"id":1420,"href":"https:\/\/ilogs.systems\/en\/wp-json\/wp\/v2\/pages\/774\/revisions\/1420"}],"wp:attachment":[{"href":"https:\/\/ilogs.systems\/en\/wp-json\/wp\/v2\/media?parent=774"}],"curies":[{"name":"wp","href":"https:\/\/api.w.org\/{rel}","templated":true}]}}