{"id":1423,"date":"2026-02-03T12:46:13","date_gmt":"2026-02-03T11:46:13","guid":{"rendered":"https:\/\/ilogs.systems\/?page_id=1423"},"modified":"2026-02-04T08:36:05","modified_gmt":"2026-02-04T07:36:05","slug":"job-karriere","status":"publish","type":"page","link":"https:\/\/ilogs.systems\/en\/job-karriere\/","title":{"rendered":"Job &#038; Karriere"},"content":{"rendered":"<div class=\"wpb-content-wrapper\"><div data-vc-full-width=\"true\" data-vc-full-width-temp=\"true\" data-vc-full-width-init=\"false\" data-vc-stretch-content=\"true\" class=\"vc_row wpb_row row top-row porto_stretch_css stretch_row_content_no_spaces_css vc_row-no-padding wpb_custom_034b39d9bc6c6b310d69e39f0ccf274f\"><div class=\"vc_column_container col-md-12\"><div class=\"wpb_wrapper vc_column-inner\">\r\n\t<div class=\"wpb_text_column wpb_content_element wpb_custom_6385e3c6bc27ef696b50480ae9a3a353\" >\r\n\t\t<div class=\"wpb_wrapper\">\r\n\t\t\t<div class=\"elementor-element elementor-element-ef64e58 elementor-widget elementor-widget-heading\" data-id=\"ef64e58\" data-element_type=\"widget\" data-widget_type=\"heading.default\">\n<div class=\"elementor-widget-container\">\n<h1 class=\"elementor-heading-title elementor-size-default\" style=\"text-align: center;\">Gestalte deine Zukunft mit uns<\/h1>\n<\/div>\n<\/div>\n<h1 class=\"elementor-element elementor-element-6a19b870 elementor-widget__width-inherit elementor-widget elementor-widget-image\" style=\"text-align: center;\" data-id=\"6a19b870\" data-element_type=\"widget\" data-widget_type=\"image.default\"><\/h1>\n\r\n\t\t<\/div>\r\n\t<\/div>\r\n<\/div><\/div><\/div><div class=\"vc_row-full-width vc_clearfix\"><\/div><div class=\"vc_row wpb_row row top-row wpb_custom_034b39d9bc6c6b310d69e39f0ccf274f\"><div class=\"vc_column_container col-md-12\"><div class=\"wpb_wrapper vc_column-inner\"><div class=\"vc_tta-container\" data-vc-action=\"collapse\"><div class=\"vc_general vc_tta vc_tta-accordion vc_tta-color-grey vc_tta-style-modern vc_tta-shape-rounded vc_tta-o-shape-group vc_tta-controls-align-default\"><div class=\"vc_tta-panels-container\"><div class=\"vc_tta-panels\"><div class=\"vc_tta-panel\" id=\"1770129877853-51d70734-4b9c\" data-vc-content=\".vc_tta-panel-body\"><div class=\"vc_tta-panel-heading\"><h4 class=\"vc_tta-panel-title\"><a href=\"#1770129877853-51d70734-4b9c\" data-vc-accordion data-vc-container=\".vc_tta-container\"><span class=\"vc_tta-title-text\">Software Developer Java (m\/w\/d)<\/span><\/a><\/h4><\/div><div class=\"vc_tta-panel-body\">\r\n\t<div class=\"wpb_text_column wpb_content_element wpb_custom_7c91d232724f73626cc933bd95b25ff0\" >\r\n\t\t<div class=\"wpb_wrapper\">\r\n\t\t\t<p class=\"p4\"><span class=\"s3\">\ud83d\udccd <\/span><b>Klagenfurt am W\u00f6rthersee<\/b><b><\/b><\/p>\n<p class=\"p4\"><span class=\"s3\">\u23f0 <\/span><b>Vollzeit oder Teilzeit<\/b><b><\/b><\/p>\n<p>&nbsp;<\/p>\n<h3><strong>\ud83d\ude80 Entwickle mit uns Software, die wirklich z\u00e4hlt<\/strong><\/h3>\n<p class=\"p1\">Du hast Spa\u00df an sauberem Code, modernen Technologien und Projekten mit Substanz?<\/p>\n<p class=\"p1\">Perfekt \u2013 dann solltest du weiterlesen.<\/p>\n<p class=\"p1\">Wir sind ein innovatives Softwareunternehmen und entwickeln individuelle Anwendungen f\u00fcr anspruchsvolle Kund:innen. In agilen Teams schaffen wir <span class=\"s1\"><b>zuverl\u00e4ssige, skalierbare und performante Softwarel\u00f6sungen<\/b><\/span> \u2013 mit viel Raum f\u00fcr eigene Ideen und technische Weiterentwicklung.<\/p>\n<p class=\"p1\">Zur Verst\u00e4rkung unseres Teams suchen wir eine:n <span class=\"s1\"><b>Softwareentwickler:in mit Schwerpunkt Java<\/b><\/span>, der:die Lust hat, Verantwortung zu \u00fcbernehmen und gemeinsam mit uns zu wachsen.<\/p>\n<p>&nbsp;<\/p>\n<h3><b>\ud83d\udee0\ufe0f Deine Aufgaben<\/b><\/h3>\n<ul>\n<li>\n<p class=\"p1\">Entwicklung und Weiterentwicklung moderner Softwarel\u00f6sungen mit <b>Java, JavaScript, TypeScript &amp; HTML<\/b><b><\/b><\/p>\n<\/li>\n<li>\n<p class=\"p1\">Konzeption und Umsetzung leistungsstarker <span class=\"s1\"><b>Backend-Services <\/b><b><\/b><\/span>(idealerweise mit <span class=\"s1\"><b>Quarkus<\/b><\/span>)<\/p>\n<\/li>\n<li>\n<p class=\"p1\"><span class=\"s1\">Mitarbeit an <\/span><b>Frontend- und Full-Stack-Projekten<\/b><b><\/b><\/p>\n<\/li>\n<li>\n<p class=\"p1\">Einsatz moderner Tools wie <span class=\"s1\"><b>Git, Ansible, Maven &amp; SQL<\/b><b><\/b><\/span><\/p>\n<\/li>\n<li>\n<p class=\"p1\">Enge Zusammenarbeit im Team \u2013 von der Idee bis zum Go-Live<\/p>\n<\/li>\n<\/ul>\n<p>&nbsp;<\/p>\n<h3><b>\ud83c\udfaf Das bringst du mit<\/b><\/h3>\n<ul>\n<li>\n<p class=\"p1\">IT-Ausbildung, Studium <span class=\"s1\"><b>oder<\/b><\/span> einschl\u00e4gige Berufserfahrung<\/p>\n<\/li>\n<li>\n<p class=\"p1\">Sehr gute Kenntnisse in <span class=\"s1\"><b>Java<\/b><b><\/b><\/span><\/p>\n<\/li>\n<li>\n<p class=\"p1\">Erfahrung mit <span class=\"s1\"><b>Quarkus<\/b><\/span> and <span class=\"s1\"><b>TypeScript<\/b><\/span> von Vorteil<\/p>\n<\/li>\n<li>\n<p class=\"p1\"><span class=\"s1\">Know-how in <\/span><b>Git, JavaScript, HTML, SQL oder Ansible<\/b><span class=\"s1\"> w\u00fcnschenswert<\/span><\/p>\n<\/li>\n<li>\n<p class=\"p1\">Analytisches Denken, strukturierte Arbeitsweise &amp; Teamgeist<\/p>\n<\/li>\n<li>\n<p class=\"p1\">Gute Deutsch- und Englischkenntnisse<\/p>\n<\/li>\n<\/ul>\n<p>&nbsp;<\/p>\n<h3><b>\ud83d\udca1 Das erwartet dich bei uns<\/b><\/h3>\n<p class=\"p1\">\u2714 <span class=\"s1\"><b>Flexible Arbeitszeiten<\/b><\/span> &amp; moderne Arbeitsmodelle<\/p>\n<p class=\"p1\">\u2714 Spannende Projekte mit viel <span class=\"s1\"><b>Gestaltungsspielraum<\/b><b><\/b><\/span><\/p>\n<p class=\"p4\"><span class=\"s3\">\u2714 Ein <\/span><b>motiviertes, kollegiales Team<\/b><span class=\"s3\"> &amp; flache Hierarchien<\/span><\/p>\n<p class=\"p1\">\u2714 Moderne Hardware &amp; angenehme Arbeitsumgebung<\/p>\n<p class=\"p1\">\u2714 <span class=\"s1\"><b>Attraktives Gehaltspaket<\/b><\/span> plus zus\u00e4tzliche Benefits<\/p>\n<p>&nbsp;<\/p>\n<h3><b>\ud83d\udcec Interesse geweckt?<\/b><\/h3>\n<p class=\"p1\">Dann freuen wir uns auf deine Bewerbung!<\/p>\n<p class=\"p1\">Bewirb dich jetzt und schick uns deine Unterlagen direkt zu.<\/p>\n\r\n\t\t<\/div>\r\n\t<\/div>\r\n<\/div><\/div><div class=\"vc_tta-panel\" id=\"1770129877853-b0b25874-10e4\" data-vc-content=\".vc_tta-panel-body\"><div class=\"vc_tta-panel-heading\"><h4 class=\"vc_tta-panel-title\"><a href=\"#1770129877853-b0b25874-10e4\" data-vc-accordion data-vc-container=\".vc_tta-container\"><span class=\"vc_tta-title-text\">Software Developer .NET (m\/w\/d)<\/span><\/a><\/h4><\/div><div class=\"vc_tta-panel-body\">\r\n\t<div class=\"wpb_text_column wpb_content_element wpb_custom_7c91d232724f73626cc933bd95b25ff0\" >\r\n\t\t<div class=\"wpb_wrapper\">\r\n\t\t\t<p class=\"p4\"><span class=\"s3\">\ud83d\udccd <\/span><b>Klagenfurt am W\u00f6rthersee<\/b><b><\/b><\/p>\n<p class=\"p4\"><span class=\"s3\">\u23f0 <\/span><b>Vollzeit oder Teilzeit<\/b><\/p>\n<p>&nbsp;<\/p>\n<p class=\"p4\"><b><\/b><b>\ud83d\ude80 Entwickle mit uns Software, die wirklich z\u00e4hlt<\/b><\/p>\n<p class=\"p1\">Du arbeitest gerne mit .NET, denkst in sauberen Architekturen und m\u00f6chtest Software entwickeln, die langfristig \u00fcberzeugt? Dann bist du bei uns genau richtig.<\/p>\n<p class=\"p1\">Wir sind ein innovatives Softwareunternehmen und entwickeln individuelle Anwendungen f\u00fcr anspruchsvolle Kund:innen. In agilen Teams entstehen bei uns <span class=\"s1\"><b>zuverl\u00e4ssige, skalierbare und performante L\u00f6sungen<\/b><\/span> \u2013 mit Fokus auf Qualit\u00e4t, Nachhaltigkeit und moderne Technologien.<\/p>\n<p class=\"p1\">Zur Verst\u00e4rkung unseres Teams suchen wir eine:n <span class=\"s1\"><b>Softwareentwickler:in mit Schwerpunkt .NET<\/b><\/span>, der:die Lust hat, Verantwortung zu \u00fcbernehmen und aktiv an der Weiterentwicklung unserer L\u00f6sungen mitzuwirken.<\/p>\n<p>&nbsp;<\/p>\n<h3><b>\ud83d\udee0\ufe0f Deine Aufgaben<\/b><\/h3>\n<ul>\n<li class=\"p1\">Entwicklung und Weiterentwicklung moderner Softwarel\u00f6sungen mit <b>.NET, JavaScript, TypeScript &amp; HTML<\/b><\/li>\n<li>\n<p class=\"p1\">Konzeption und Umsetzung leistungsstarker <span class=\"s1\"><b>Backend-Services<\/b><b><\/b><\/span><\/p>\n<\/li>\n<li>\n<p class=\"p1\"><span class=\"s1\">Mitarbeit an <\/span><b>Frontend- und Full-Stack-Projekten<\/b><b><\/b><\/p>\n<\/li>\n<li>\n<p class=\"p1\">Einsatz moderner Tools wie <span class=\"s1\"><b>Git, Ansible, Maven &amp; SQL<\/b><b><\/b><\/span><\/p>\n<\/li>\n<li>\n<p class=\"p1\">Enge Zusammenarbeit im Team \u2013 von der Idee bis zum Go-Live<\/p>\n<\/li>\n<\/ul>\n<p>&nbsp;<\/p>\n<h3><b>\ud83c\udfaf Das bringst du mit<\/b><\/h3>\n<ul>\n<li>\n<p class=\"p1\">IT-Ausbildung, Studium <span class=\"s1\"><b>oder<\/b><\/span> einschl\u00e4gige Berufserfahrung<\/p>\n<\/li>\n<li>\n<p class=\"p1\">Sehr gute Kenntnisse in <span class=\"s1\"><b>.Net<\/b><b><\/b><\/span><\/p>\n<\/li>\n<li>\n<p class=\"p1\">Erfahrung mit <span class=\"s1\"><b>TypeScript<\/b><\/span> von Vorteil<\/p>\n<\/li>\n<li>\n<p class=\"p1\"><span class=\"s1\">Know-how in <\/span><b>Git, JavaScript, HTML, SQL oder Ansible<\/b><span class=\"s1\"> w\u00fcnschenswert<\/span><\/p>\n<\/li>\n<li>\n<p class=\"p1\">Analytisches Denken, strukturierte Arbeitsweise &amp; Teamgeist<\/p>\n<\/li>\n<li>\n<p class=\"p1\">Gute Deutsch- und Englischkenntnisse<\/p>\n<\/li>\n<\/ul>\n<p>&nbsp;<\/p>\n<h3><b>\ud83d\udca1 Das erwartet dich bei uns<\/b><\/h3>\n<p class=\"p1\">\u2714 <span class=\"s1\"><b>Flexible Arbeitszeiten<\/b><\/span> &amp; moderne Arbeitsmodelle<\/p>\n<p class=\"p1\">\u2714 Spannende Projekte mit viel <span class=\"s1\"><b>Gestaltungsspielraum<\/b><b><\/b><\/span><\/p>\n<p class=\"p4\"><span class=\"s3\">\u2714 Ein <\/span><b>motiviertes, kollegiales Team<\/b><span class=\"s3\"> &amp; flache Hierarchien<\/span><\/p>\n<p class=\"p1\">\u2714 Moderne Hardware &amp; angenehme Arbeitsumgebung<\/p>\n<p class=\"p1\">\u2714 <span class=\"s1\"><b>Attraktives Gehaltspaket<\/b><\/span> plus zus\u00e4tzliche Benefits<\/p>\n<p>&nbsp;<\/p>\n<h3><b>\ud83d\udcec Interesse geweckt?<\/b><\/h3>\n<p class=\"p1\">Dann freuen wir uns auf deine Bewerbung!<\/p>\n<p class=\"p1\">Bewirb dich jetzt und schick uns deine Unterlagen direkt zu.<\/p>\n\r\n\t\t<\/div>\r\n\t<\/div>\r\n<\/div><\/div><\/div><\/div><\/div><\/div><\/div><\/div><\/div><div data-vc-full-width=\"true\" data-vc-full-width-temp=\"true\" data-vc-full-width-init=\"false\" data-vc-stretch-content=\"true\" class=\"vc_row wpb_row row top-row vc_custom_1770129478189 porto_stretch_css stretch_row_content_no_spaces_css vc_row-no-padding wpb_custom_034b39d9bc6c6b310d69e39f0ccf274f\"><div class=\"vc_column_container col-md-12\"><div class=\"wpb_wrapper vc_column-inner\">\r\n\t<div class=\"wpb_text_column wpb_content_element wpb_custom_6385e3c6bc27ef696b50480ae9a3a353\" >\r\n\t\t<div class=\"wpb_wrapper\">\r\n\t\t\t<div class=\"elementor-element elementor-element-ef64e58 elementor-widget elementor-widget-heading\" data-id=\"ef64e58\" data-element_type=\"widget\" data-widget_type=\"heading.default\">\n<div class=\"elementor-widget-container\">\n<h2 class=\"elementor-heading-title elementor-size-default\" style=\"text-align: center;\">Werde Teil von&nbsp;ilogs \u2013 Dein n\u00e4chster Karriereschritt beginnt hier<\/h2>\n<\/div>\n<\/div>\n<div class=\"elementor-element elementor-element-6a19b870 elementor-widget__width-inherit elementor-widget elementor-widget-image\" style=\"text-align: center;\" data-id=\"6a19b870\" data-element_type=\"widget\" data-widget_type=\"image.default\"><\/div>\n\r\n\t\t<\/div>\r\n\t<\/div>\r\n<\/div><\/div><\/div><div class=\"vc_row-full-width vc_clearfix\"><\/div><div class=\"vc_row wpb_row row top-row wpb_custom_034b39d9bc6c6b310d69e39f0ccf274f\"><div class=\"vc_column_container col-md-12\"><div class=\"wpb_wrapper vc_column-inner\"><div class=\"vc_message_box vc_message_box-standard vc_message_box-rounded vc_color-sky vc_do_message\" ><div class=\"vc_message_box-icon\"><i class=\"\"><\/i><\/div><div class=\"elementor-element elementor-element-36db2098 elementor-widget__width-initial elementor-widget elementor-widget-heading\" data-id=\"36db2098\" data-element_type=\"widget\" data-widget_type=\"heading.default\">\n<div class=\"elementor-widget-container\">\n<h2 class=\"elementor-heading-title elementor-size-default\" style=\"text-align: center;\"><span class=\"text-hyphen\"><b>Initiativbewerbung<\/b><\/span><\/h2>\n<\/div>\n<\/div>\n<div class=\"elementor-element elementor-element-5331d2c elementor-widget elementor-widget-text-editor\" data-id=\"5331d2c\" data-element_type=\"widget\" data-widget_type=\"text-editor.default\">\n<div class=\"elementor-widget-container\">\n<p class=\"p1\" style=\"text-align: left;\">Du begeisterst dich f\u00fcr Software, Digitalisierung und moderne IT-L\u00f6sungen? Perfekt \u2013 denn <span class=\"s1\"><b>bei iLogs gestalten wir gemeinsam die digitale Zukunft.<\/b><\/span> Als Unternehmen mit tiefem technologischen Know-how unterst\u00fctzen wir unsere Kund:innen bei der Digitalisierung und Optimierung ihrer Gesch\u00e4ftsprozesse \u2013 von ma\u00dfgeschneiderter Softwareentwicklung \u00fcber IT-Security- und Compliance-L\u00f6sungen bis hin zu innovativen Plattformen wie <i>mona field force<\/i>.<\/p>\n<p class=\"p1\" style=\"text-align: left;\">Wir sind \u00fcberzeugt: <span class=\"s1\"><b>Unsere Mitarbeiter:innen sind der entscheidende Erfolgsfaktor.<\/b><\/span> Nur durch kreative K\u00f6pfe, engagierte Problem-L\u00f6ser:innen und passionierte Tech-Begeisterte entstehen L\u00f6sungen, die echten Mehrwert schaffen. Deshalb suchen wir nicht nur bei ausgeschriebenen Positionen Talente \u2013 wir freuen uns auch \u00fcber <span class=\"s1\"><b>Initiativbewerbungen.<\/b><\/span><\/p>\n<p class=\"p4\" style=\"text-align: left;\"><span class=\"s6\">\ud83d\udc49 <\/span><b>Was wir von dir wissen m\u00f6chten:<\/b><b><\/b><\/p>\n<ul style=\"text-align: left;\">\n<li>\n<p class=\"p1\">Wer du bist und welche Leidenschaft dich antreibt<\/p>\n<\/li>\n<li>\n<p class=\"p1\">In welchen Bereichen du dich siehst (z. B. Entwicklung, IT-Consulting, Projektmanagement, Support, \u2026)<\/p>\n<\/li>\n<\/ul>\n<p class=\"p1\" style=\"text-align: left;\">Bei iLogs erwarten dich:<\/p>\n<p class=\"p1\" style=\"text-align: left;\">\u2728 Ein dynamisches Umfeld mit Raum f\u00fcr Eigenverantwortung und Innovation<\/p>\n<p class=\"p1\" style=\"text-align: left;\">\u2728 Zusammenarbeit an spannenden, gesellschaftlich relevanten Projekten<\/p>\n<p class=\"p1\" style=\"text-align: left;\">\u2728 Ein Team, das offen f\u00fcr neue Ideen ist und gemeinsam Gro\u00dfes erreichen will<\/p>\n<p class=\"p1\" style=\"text-align: left;\"><span class=\"s1\"><b>Schick uns deine Initiativbewerbung<\/b><\/span> \u2013 wir pr\u00fcfen sie sorgf\u00e4ltig und melden uns zeitnah. Vielleicht entwickelst du schon bald mit uns digitale L\u00f6sungen, die unsere Kund:innen begeistern und echte Mehrwerte schaffen.<\/p>\n<p class=\"p4\" style=\"text-align: left;\"><b>Wir freuen uns darauf, dich kennenzulernen!<\/b><\/p>\n<\/div>\n<\/div>\n<\/div><\/div><\/div><\/div><div class=\"vc_row wpb_row row top-row wpb_custom_034b39d9bc6c6b310d69e39f0ccf274f\"><div class=\"vc_column_container col-md-12\"><div class=\"wpb_wrapper vc_column-inner\"><div class=\"vc_btn3-container vc_btn3-center vc_do_btn\" >\r\n\t<a class=\"vc_btn3 vc_btn3-shape-rounded wpb_custom_6687b26f39488ddbb85ddb3c1ce8e111 btn btn-xl btn-primary\" href=\"mailto:office@ilogs.systems\" title=\"\">Bewirb dich jetzt<\/a>\t<\/div>\r\n<\/div><\/div><\/div><div class=\"vc_row wpb_row row top-row wpb_custom_034b39d9bc6c6b310d69e39f0ccf274f\"><div class=\"vc_column_container col-md-12\"><div class=\"wpb_wrapper vc_column-inner\"><\/div><\/div><\/div>\n<\/div>","protected":false},"excerpt":{"rendered":"Gestalte deine Zukunft mit uns Software Developer Java (m\/w\/d) \ud83d\udccd Klagenfurt am W\u00f6rthersee \u23f0 Vollzeit oder Teilzeit &nbsp; \ud83d\ude80 Entwickle mit uns Software, die wirklich z\u00e4hlt Du hast Spa\u00df an sauberem Code, modernen Technologien und Projekten mit Substanz? Perfekt \u2013 dann solltest du weiterlesen. Wir sind ein innovatives Softwareunternehmen und entwickeln individuelle Anwendungen f\u00fcr anspruchsvolle [...]","protected":false},"author":1,"featured_media":0,"parent":0,"menu_order":0,"comment_status":"closed","ping_status":"closed","template":"","meta":{"footnotes":""},"class_list":["post-1423","page","type-page","status-publish","hentry"],"aioseo_notices":[],"_links":{"self":[{"href":"https:\/\/ilogs.systems\/en\/wp-json\/wp\/v2\/pages\/1423","targetHints":{"allow":["GET"]}}],"collection":[{"href":"https:\/\/ilogs.systems\/en\/wp-json\/wp\/v2\/pages"}],"about":[{"href":"https:\/\/ilogs.systems\/en\/wp-json\/wp\/v2\/types\/page"}],"author":[{"embeddable":true,"href":"https:\/\/ilogs.systems\/en\/wp-json\/wp\/v2\/users\/1"}],"replies":[{"embeddable":true,"href":"https:\/\/ilogs.systems\/en\/wp-json\/wp\/v2\/comments?post=1423"}],"version-history":[{"count":14,"href":"https:\/\/ilogs.systems\/en\/wp-json\/wp\/v2\/pages\/1423\/revisions"}],"predecessor-version":[{"id":1446,"href":"https:\/\/ilogs.systems\/en\/wp-json\/wp\/v2\/pages\/1423\/revisions\/1446"}],"wp:attachment":[{"href":"https:\/\/ilogs.systems\/en\/wp-json\/wp\/v2\/media?parent=1423"}],"curies":[{"name":"wp","href":"https:\/\/api.w.org\/{rel}","templated":true}]}}