{"id":1218,"date":"2024-10-24T12:34:19","date_gmt":"2024-10-24T10:34:19","guid":{"rendered":"https:\/\/ilogs.systems\/?page_id=1218"},"modified":"2025-11-04T15:15:28","modified_gmt":"2025-11-04T14:15:28","slug":"ressourcen","status":"publish","type":"page","link":"https:\/\/ilogs.systems\/en\/ressourcen\/","title":{"rendered":"Ressources"},"content":{"rendered":"<div class=\"wpb-content-wrapper\"><div class=\"vc_row wpb_row row top-row wpb_custom_034b39d9bc6c6b310d69e39f0ccf274f\"><div class=\"vc_column_container col-md-12\"><div class=\"wpb_wrapper vc_column-inner\">\r\n\t<div class=\"wpb_text_column wpb_content_element wpb_custom_7c91d232724f73626cc933bd95b25ff0\" >\r\n\t\t<div class=\"wpb_wrapper\">\r\n\t\t\t<p>Here you will find all the important content at a glance: Discover helpful tutorials, download useful information material and keep up to date with all the latest news. Whether you want to find out more, learn more or simply browse - you'll find what you're looking for here.<\/p>\n\r\n\t\t<\/div>\r\n\t<\/div>\r\n<\/div><\/div><\/div><div class=\"vc_row wpb_row row top-row wpb_custom_034b39d9bc6c6b310d69e39f0ccf274f\"><div class=\"vc_column_container col-md-6\"><div class=\"wpb_wrapper vc_column-inner\">\r\n\t<div class=\"wpb_text_column wpb_content_element wpb_custom_7c91d232724f73626cc933bd95b25ff0\" >\r\n\t\t<div class=\"wpb_wrapper\">\r\n\t\t\t<p>Download our extensive information material here free of charge and discover how you can make your work processes more efficient and modern.<\/p>\n<ul>\n<li><strong><a href=\"https:\/\/mona.ilogs.systems\/download-infomaterial\/\">Overview mona field force<\/a><\/strong><\/li>\n<li><strong><a href=\"https:\/\/mona.ilogs.systems\/download-infomaterial-mobile-datenerfassung\/\">mona field force \u2013 mobile data collection<\/a><\/strong><\/li>\n<li><strong><a href=\"https:\/\/mona.ilogs.systems\/download-infomaterial-einsatzplanung\/\">mona field force \u2013 your planning tool<\/a><\/strong><\/li>\n<li><strong><a href=\"https:\/\/ilogs.systems\/en\/download-smt\/\">SMT &#8211; Security Management Tool<\/a><\/strong><\/li>\n<\/ul>\n\r\n\t\t<\/div>\r\n\t<\/div>\r\n<\/div><\/div><div class=\"vc_column_container col-md-6\"><div class=\"wpb_wrapper vc_column-inner\">\r\n\t<div class=\"wpb_single_image wpb_content_element vc_align_left wpb_content_element  wpb_custom_81a4f7ef9830bf958462581aa01150fb\"><div class=\"wpb_wrapper\">\r\n\t\t\t\r\n\t\t\t<div class=\"vc_single_image-wrapper   vc_box_border_grey\"><img decoding=\"async\" width=\"1024\" height=\"539\" data-src=\"https:\/\/ilogs.systems\/wp-content\/uploads\/2024\/10\/AdobeStock_282096522-1024x539.jpeg\" class=\"vc_single_image-img attachment-large lazyload\" alt=\"\" title=\"Blaues Sicherheitssymbol\" data-srcset=\"https:\/\/ilogs.systems\/wp-content\/uploads\/2024\/10\/AdobeStock_282096522-1024x539.jpeg 1024w, https:\/\/ilogs.systems\/wp-content\/uploads\/2024\/10\/AdobeStock_282096522-768x404.jpeg 768w, https:\/\/ilogs.systems\/wp-content\/uploads\/2024\/10\/AdobeStock_282096522-640x337.jpeg 640w, https:\/\/ilogs.systems\/wp-content\/uploads\/2024\/10\/AdobeStock_282096522-400x211.jpeg 400w, https:\/\/ilogs.systems\/wp-content\/uploads\/2024\/10\/AdobeStock_282096522-367x193.jpeg 367w\" data-sizes=\"(max-width: 1024px) 100vw, 1024px\" src=\"data:image\/svg+xml;base64,PHN2ZyB3aWR0aD0iMSIgaGVpZ2h0PSIxIiB4bWxucz0iaHR0cDovL3d3dy53My5vcmcvMjAwMC9zdmciPjwvc3ZnPg==\" style=\"--smush-placeholder-width: 1024px; --smush-placeholder-aspect-ratio: 1024\/539;\" \/><\/div>\r\n\t\t<\/div>\r\n\t<\/div>\r\n<\/div><\/div><\/div>\n<\/div>","protected":false},"excerpt":{"rendered":"Hier finden Sie alle wichtigen Inhalte auf einen Blick: Entdecken Sie hilfreiche Tutorials, laden Sie n\u00fctzliches Infomaterial herunter und bleiben Sie stets auf dem Laufenden \u00fcber alle Neuigkeiten. Egal, ob Sie sich informieren, weiterbilden oder einfach nur st\u00f6bern m\u00f6chten \u2013 hier werden Sie f\u00fcndig. Laden Sie hier kostenlos unser umfangreiches Infomaterial herunter und entdecken Sie, [...]","protected":false},"author":1,"featured_media":0,"parent":0,"menu_order":0,"comment_status":"closed","ping_status":"closed","template":"","meta":{"footnotes":""},"class_list":["post-1218","page","type-page","status-publish","hentry"],"aioseo_notices":[],"_links":{"self":[{"href":"https:\/\/ilogs.systems\/en\/wp-json\/wp\/v2\/pages\/1218","targetHints":{"allow":["GET"]}}],"collection":[{"href":"https:\/\/ilogs.systems\/en\/wp-json\/wp\/v2\/pages"}],"about":[{"href":"https:\/\/ilogs.systems\/en\/wp-json\/wp\/v2\/types\/page"}],"author":[{"embeddable":true,"href":"https:\/\/ilogs.systems\/en\/wp-json\/wp\/v2\/users\/1"}],"replies":[{"embeddable":true,"href":"https:\/\/ilogs.systems\/en\/wp-json\/wp\/v2\/comments?post=1218"}],"version-history":[{"count":13,"href":"https:\/\/ilogs.systems\/en\/wp-json\/wp\/v2\/pages\/1218\/revisions"}],"predecessor-version":[{"id":1415,"href":"https:\/\/ilogs.systems\/en\/wp-json\/wp\/v2\/pages\/1218\/revisions\/1415"}],"wp:attachment":[{"href":"https:\/\/ilogs.systems\/en\/wp-json\/wp\/v2\/media?parent=1218"}],"curies":[{"name":"wp","href":"https:\/\/api.w.org\/{rel}","templated":true}]}}